{"id":374,"date":"2022-08-28T18:02:29","date_gmt":"2022-08-28T18:02:29","guid":{"rendered":"http:\/\/www.adriangonzalezdacosta.com\/?page_id=374"},"modified":"2022-08-30T11:56:10","modified_gmt":"2022-08-30T11:56:10","slug":"inicio","status":"publish","type":"page","link":"https:\/\/www.adriangonzalezdacosta.com\/","title":{"rendered":"Biograf\u00eda"},"content":{"rendered":"\t\t<div data-elementor-type=\"wp-page\" data-elementor-id=\"374\" class=\"elementor elementor-374\">\n\t\t\t\t\t\t<section class=\"elementor-section elementor-top-section elementor-element elementor-element-a386d7d elementor-section-boxed elementor-section-height-default elementor-section-height-default\" data-id=\"a386d7d\" data-element_type=\"section\">\n\t\t\t\t\t\t<div class=\"elementor-container elementor-column-gap-default\">\n\t\t\t\t\t<div class=\"elementor-column elementor-col-100 elementor-top-column elementor-element elementor-element-f2b4632\" data-id=\"f2b4632\" data-element_type=\"column\">\n\t\t\t<div class=\"elementor-widget-wrap\">\n\t\t\t\t\t\t\t<\/div>\n\t\t<\/div>\n\t\t\t\t\t<\/div>\n\t\t<\/section>\n\t\t\t\t<section class=\"elementor-section elementor-top-section elementor-element elementor-element-28dd4ee elementor-section-boxed elementor-section-height-default elementor-section-height-default\" data-id=\"28dd4ee\" data-element_type=\"section\">\n\t\t\t\t\t\t<div class=\"elementor-container elementor-column-gap-default\">\n\t\t\t\t\t<div class=\"elementor-column elementor-col-50 elementor-top-column elementor-element elementor-element-f320edd\" data-id=\"f320edd\" data-element_type=\"column\">\n\t\t\t<div class=\"elementor-widget-wrap elementor-element-populated\">\n\t\t\t\t\t\t<div class=\"elementor-element elementor-element-3a23a8a elementor-widget elementor-widget-image\" data-id=\"3a23a8a\" data-element_type=\"widget\" data-widget_type=\"image.default\">\n\t\t\t\t<div class=\"elementor-widget-container\">\n\t\t\t\t\t\t\t\t\t\t\t\t\t\t\t<img fetchpriority=\"high\" decoding=\"async\" width=\"300\" height=\"201\" src=\"https:\/\/www.adriangonzalezdacosta.com\/wp-content\/uploads\/2022\/08\/Foto-de-busto-de-Adrian-Gonzalez-da-Costa-e1494200582864-300x201.webp\" class=\"attachment-medium size-medium wp-image-816\" alt=\"\" srcset=\"https:\/\/www.adriangonzalezdacosta.com\/wp-content\/uploads\/2022\/08\/Foto-de-busto-de-Adrian-Gonzalez-da-Costa-e1494200582864-300x201.webp 300w, https:\/\/www.adriangonzalezdacosta.com\/wp-content\/uploads\/2022\/08\/Foto-de-busto-de-Adrian-Gonzalez-da-Costa-e1494200582864.webp 600w\" sizes=\"(max-width: 300px) 100vw, 300px\" \/>\t\t\t\t\t\t\t\t\t\t\t\t\t\t\t<\/div>\n\t\t\t\t<\/div>\n\t\t\t\t\t<\/div>\n\t\t<\/div>\n\t\t\t\t<div class=\"elementor-column elementor-col-50 elementor-top-column elementor-element elementor-element-36692ff\" data-id=\"36692ff\" data-element_type=\"column\">\n\t\t\t<div class=\"elementor-widget-wrap elementor-element-populated\">\n\t\t\t\t\t\t<div class=\"elementor-element elementor-element-aeeff3d elementor-widget elementor-widget-text-editor\" data-id=\"aeeff3d\" data-element_type=\"widget\" data-widget_type=\"text-editor.default\">\n\t\t\t\t<div class=\"elementor-widget-container\">\n\t\t\t\t\t\t\t\t\t<p><\/p>\n<p>De madre angole\u00f1a y padre espa\u00f1ol, naci\u00f3 en Huelva (1979). Creci\u00f3 en Lepe. Estudi\u00f3 Filolog\u00eda hisp\u00e1nica en la universidad de Sevilla y actualmente trabaja como profesor de Lengua castellana y Literatura.<\/p>\n<p>Tiene tres libros (<em>Rua dos douradores<\/em>, <em>Por el sue\u00f1o afuera<\/em> y <em>Blanco en lo blanco.Sonetos<\/em>) que le han valido cuatro premios, entre ellos, el prestigioso Adon\u00e1is en 2002, con 23 a\u00f1os.<\/p>\t\t\t\t\t\t\t\t<\/div>\n\t\t\t\t<\/div>\n\t\t\t\t\t<\/div>\n\t\t<\/div>\n\t\t\t\t\t<\/div>\n\t\t<\/section>\n\t\t\t\t<\/div>\n\t\t","protected":false},"excerpt":{"rendered":"<p>De madre angole\u00f1a y padre espa\u00f1ol, naci\u00f3 en Huelva (1979). Creci\u00f3 en Lepe. Estudi\u00f3 Filolog\u00eda hisp\u00e1nica en la universidad de Sevilla y actualmente trabaja como profesor de Lengua castellana y Literatura. Tiene tres libros (Rua dos douradores, Por el sue\u00f1o afuera y Blanco en lo blanco.Sonetos) que le han valido cuatro premios, entre ellos, el&hellip;&nbsp;<a href=\"https:\/\/www.adriangonzalezdacosta.com\/\" rel=\"bookmark\">Leer m\u00e1s &raquo;<span class=\"screen-reader-text\">Biograf\u00eda<\/span><\/a><\/p>\n","protected":false},"author":1,"featured_media":0,"parent":0,"menu_order":0,"comment_status":"closed","ping_status":"closed","template":"page-templates\/template-pagebuilder-full-width.php","meta":{"_monsterinsights_skip_tracking":false,"_monsterinsights_sitenote_active":false,"_monsterinsights_sitenote_note":"","_monsterinsights_sitenote_category":0,"neve_meta_sidebar":"","neve_meta_container":"","neve_meta_enable_content_width":"","neve_meta_content_width":0,"neve_meta_title_alignment":"","neve_meta_author_avatar":"","neve_post_elements_order":"","neve_meta_disable_header":"","neve_meta_disable_footer":"","neve_meta_disable_title":"","footnotes":""},"class_list":["post-374","page","type-page","status-publish","hentry"],"_links":{"self":[{"href":"https:\/\/www.adriangonzalezdacosta.com\/index.php\/wp-json\/wp\/v2\/pages\/374","targetHints":{"allow":["GET"]}}],"collection":[{"href":"https:\/\/www.adriangonzalezdacosta.com\/index.php\/wp-json\/wp\/v2\/pages"}],"about":[{"href":"https:\/\/www.adriangonzalezdacosta.com\/index.php\/wp-json\/wp\/v2\/types\/page"}],"author":[{"embeddable":true,"href":"https:\/\/www.adriangonzalezdacosta.com\/index.php\/wp-json\/wp\/v2\/users\/1"}],"replies":[{"embeddable":true,"href":"https:\/\/www.adriangonzalezdacosta.com\/index.php\/wp-json\/wp\/v2\/comments?post=374"}],"version-history":[{"count":45,"href":"https:\/\/www.adriangonzalezdacosta.com\/index.php\/wp-json\/wp\/v2\/pages\/374\/revisions"}],"predecessor-version":[{"id":862,"href":"https:\/\/www.adriangonzalezdacosta.com\/index.php\/wp-json\/wp\/v2\/pages\/374\/revisions\/862"}],"wp:attachment":[{"href":"https:\/\/www.adriangonzalezdacosta.com\/index.php\/wp-json\/wp\/v2\/media?parent=374"}],"curies":[{"name":"wp","href":"https:\/\/api.w.org\/{rel}","templated":true}]}}