{"id":624,"date":"2022-08-29T18:55:04","date_gmt":"2022-08-29T18:55:04","guid":{"rendered":"http:\/\/www.adriangonzalezdacosta.com\/?page_id=624"},"modified":"2024-07-25T10:41:14","modified_gmt":"2024-07-25T10:41:14","slug":"rua-dos-douradores","status":"publish","type":"page","link":"http:\/\/www.adriangonzalezdacosta.com\/index.php\/libros\/rua-dos-douradores\/","title":{"rendered":"Rua dos douradores"},"content":{"rendered":"\t\t<div data-elementor-type=\"wp-page\" data-elementor-id=\"624\" class=\"elementor elementor-624\">\n\t\t\t\t\t\t<section class=\"elementor-section elementor-top-section elementor-element elementor-element-c20b06b elementor-section-boxed elementor-section-height-default elementor-section-height-default\" data-id=\"c20b06b\" data-element_type=\"section\">\n\t\t\t\t\t\t<div class=\"elementor-container elementor-column-gap-default\">\n\t\t\t\t\t<div class=\"elementor-column elementor-col-50 elementor-top-column elementor-element elementor-element-6988f5b\" data-id=\"6988f5b\" data-element_type=\"column\">\n\t\t\t<div class=\"elementor-widget-wrap elementor-element-populated\">\n\t\t\t\t\t\t<div class=\"elementor-element elementor-element-ae1e0a7 elementor-widget elementor-widget-image\" data-id=\"ae1e0a7\" data-element_type=\"widget\" data-widget_type=\"image.default\">\n\t\t\t\t<div class=\"elementor-widget-container\">\n\t\t\t\t\t\t\t\t\t\t\t\t\t\t\t<img fetchpriority=\"high\" decoding=\"async\" width=\"552\" height=\"782\" src=\"http:\/\/www.adriangonzalezdacosta.com\/wp-content\/uploads\/2022\/08\/Rua-dos-douradores-v3.jpg\" class=\"attachment-large size-large wp-image-359\" alt=\"\" srcset=\"http:\/\/www.adriangonzalezdacosta.com\/wp-content\/uploads\/2022\/08\/Rua-dos-douradores-v3.jpg 552w, http:\/\/www.adriangonzalezdacosta.com\/wp-content\/uploads\/2022\/08\/Rua-dos-douradores-v3-212x300.jpg 212w\" sizes=\"(max-width: 552px) 100vw, 552px\" \/>\t\t\t\t\t\t\t\t\t\t\t\t\t\t\t<\/div>\n\t\t\t\t<\/div>\n\t\t\t\t\t<\/div>\n\t\t<\/div>\n\t\t\t\t<div class=\"elementor-column elementor-col-50 elementor-top-column elementor-element elementor-element-d544111\" data-id=\"d544111\" data-element_type=\"column\">\n\t\t\t<div class=\"elementor-widget-wrap elementor-element-populated\">\n\t\t\t\t\t\t<div class=\"elementor-element elementor-element-d491824 elementor-widget elementor-widget-text-editor\" data-id=\"d491824\" data-element_type=\"widget\" data-widget_type=\"text-editor.default\">\n\t\t\t\t<div class=\"elementor-widget-container\">\n\t\t\t\t\t\t\t\t\t<p><em>Rua dos douradores<\/em>, Premio Adon\u00e1is 2002, es su primer poemario. Su t\u00edtulo responde al nombre de una calle lisboeta a la que hace referencia Fernando Pessoa en <em>El libro del desasosiego.<\/em> Al igual que su protagonista, Bernardo Soares -semiheter\u00f3nimo del poeta portugu\u00e9s-, Gonz\u00e1lez da Costa se siente impulsado a hablar de sus experiencias cotidianas, sobre todo a partir del encuentro con el dolor, ante el que tiende a mantener una actitud estoica; el \u00faltimo verso de su poemario no puede ser m\u00e1s expl\u00edcito: <strong>\u00aby el dolor nos desnuda hasta lo id\u00e9ntico\u00bb.<\/strong><\/p><p>Debido al desconcierto que le produce el hecho de vivir, el joven poeta ofrece un libro inmerso en la perplejidad, sin base esperanzadora s\u00f3lida en la que asentarse, lo que se manifiesta en frecuentes interrogaciones. Desde que se despierta cada d\u00eda, no sabe, no entiende, no disfruta de la vida puesto que esta lo envuelve con sus enigmas y sus paradojas; inquietudes que el autor intenta reflejar eliminando continuamente la an\u00e9cdota, el suceso espec\u00edfico en s\u00ed, y dotando a su poes\u00eda de alcance universal.<\/p><p>Ajenos a las modas actuales, estamos ante una serie de textos que responden a una orientaci\u00f3n existencialista, expuesta a una interpretaci\u00f3n metaf\u00edsica de la realidad y, tambi\u00e9n, a un enfoque religioso del sinvivir.<\/p><p>El lector, sin duda, reconocer\u00e1 en este libro diversas voces de la poes\u00eda portuguesa -junto a la de Pessoa, las de Mario de S\u00e1-Carneiro, Camilo Pessanha, Ruy Belo&#8230;- y espa\u00f1ola -san Juan de la Cruz, Pedro Salinas, Blas de Otero y otros autores m\u00e1s j\u00f3venes- adem\u00e1s del peruano C\u00e9sar Vallejo y la del alejandrino Constantinos Kavafis, que confluyen en la del poeta, engrandeci\u00e9ndolo y dot\u00e1ndolo de una expresividad muy en consonancia con las ideas que desarrolla.<\/p><p>Sobre un lenguaje conversaciones, directo, repetitivo, Gonz\u00e1lez da Costa construye un mundo desconcertante, en el que se dan la mano muchas de las grandezas e inseguridades de la condici\u00f3n humana.<\/p><p>Fuente del texto: Solapas del libro.<\/p>\t\t\t\t\t\t\t\t<\/div>\n\t\t\t\t<\/div>\n\t\t\t\t\t<\/div>\n\t\t<\/div>\n\t\t\t\t\t<\/div>\n\t\t<\/section>\n\t\t\t\t<\/div>\n\t\t","protected":false},"excerpt":{"rendered":"<p>Rua dos douradores, Premio Adon\u00e1is 2002, es su primer poemario. Su t\u00edtulo responde al nombre de una calle lisboeta a la que hace referencia Fernando Pessoa en El libro del desasosiego. Al igual que su protagonista, Bernardo Soares -semiheter\u00f3nimo del poeta portugu\u00e9s-, Gonz\u00e1lez da Costa se siente impulsado a hablar de sus experiencias cotidianas, sobre&hellip;&nbsp;<a href=\"http:\/\/www.adriangonzalezdacosta.com\/index.php\/libros\/rua-dos-douradores\/\" rel=\"bookmark\">Leer m\u00e1s &raquo;<span class=\"screen-reader-text\">Rua dos douradores<\/span><\/a><\/p>\n","protected":false},"author":1,"featured_media":0,"parent":609,"menu_order":0,"comment_status":"closed","ping_status":"closed","template":"page-templates\/template-pagebuilder-full-width.php","meta":{"_monsterinsights_skip_tracking":false,"_monsterinsights_sitenote_active":false,"_monsterinsights_sitenote_note":"","_monsterinsights_sitenote_category":0,"neve_meta_sidebar":"","neve_meta_container":"","neve_meta_enable_content_width":"","neve_meta_content_width":0,"neve_meta_title_alignment":"","neve_meta_author_avatar":"","neve_post_elements_order":"","neve_meta_disable_header":"","neve_meta_disable_footer":"","neve_meta_disable_title":"","footnotes":""},"class_list":["post-624","page","type-page","status-publish","hentry"],"_links":{"self":[{"href":"http:\/\/www.adriangonzalezdacosta.com\/index.php\/wp-json\/wp\/v2\/pages\/624","targetHints":{"allow":["GET"]}}],"collection":[{"href":"http:\/\/www.adriangonzalezdacosta.com\/index.php\/wp-json\/wp\/v2\/pages"}],"about":[{"href":"http:\/\/www.adriangonzalezdacosta.com\/index.php\/wp-json\/wp\/v2\/types\/page"}],"author":[{"embeddable":true,"href":"http:\/\/www.adriangonzalezdacosta.com\/index.php\/wp-json\/wp\/v2\/users\/1"}],"replies":[{"embeddable":true,"href":"http:\/\/www.adriangonzalezdacosta.com\/index.php\/wp-json\/wp\/v2\/comments?post=624"}],"version-history":[{"count":28,"href":"http:\/\/www.adriangonzalezdacosta.com\/index.php\/wp-json\/wp\/v2\/pages\/624\/revisions"}],"predecessor-version":[{"id":1225,"href":"http:\/\/www.adriangonzalezdacosta.com\/index.php\/wp-json\/wp\/v2\/pages\/624\/revisions\/1225"}],"up":[{"embeddable":true,"href":"http:\/\/www.adriangonzalezdacosta.com\/index.php\/wp-json\/wp\/v2\/pages\/609"}],"wp:attachment":[{"href":"http:\/\/www.adriangonzalezdacosta.com\/index.php\/wp-json\/wp\/v2\/media?parent=624"}],"curies":[{"name":"wp","href":"https:\/\/api.w.org\/{rel}","templated":true}]}}